{"id":4316,"date":"2020-04-20T23:16:21","date_gmt":"2020-04-20T23:16:21","guid":{"rendered":"https:\/\/www.saptools.es\/?page_id=4316"},"modified":"2020-04-21T11:34:58","modified_gmt":"2020-04-21T11:34:58","slug":"politique-de-confidentialite","status":"publish","type":"page","link":"https:\/\/www.saptools.es\/fr\/politique-de-confidentialite\/","title":{"rendered":"Politique de confidentialit\u00e9"},"content":{"rendered":"\n<h2 class=\"wp-block-heading\">1. INFORMATIONS \u00c0 L&rsquo;UTILISATEUR <\/h2>\n\n\n\n<p><strong> Qui est responsable du traitement de vos donn\u00e9es personnelles?  <\/strong><\/p>\n\n\n\n<p>SAPTOOLS CONSULTING SL est le RESPONSABLE du traitement des donn\u00e9es personnelles de l&rsquo;UTILISATEUR et vous informe que ces donn\u00e9es seront trait\u00e9es conform\u00e9ment aux dispositions du R\u00e8glement (UE) 2016\/679 du 27 avril (RGPD), et de la Loi Organique 3\/2018, du 5 d\u00e9cembre (LOPDGDD). <\/p>\n\n\n\n<p><strong>Pourquoi traitons-nous vos donn\u00e9es personnelles?<\/strong><\/p>\n\n\n\n<p> Maintenir une relation commerciale avec l&rsquo;utilisateur. Les op\u00e9rations pr\u00e9vues pour r\u00e9aliser le traitement sont:  <\/p>\n\n\n\n<ul class=\"wp-block-list\"><li>Remise des communications publicitaires commerciales par e-mail, fax, SMS, MMS, r\u00e9seaux sociaux ou tout autre moyen \u00e9lectronique ou physique, pr\u00e9sent ou futur, permettant les communications commerciales. Ces communications seront effectu\u00e9es par le CONTR\u00d4LEUR et seront li\u00e9es \u00e0 ses produits et services, ou \u00e0 ses collaborateurs ou fournisseurs, avec lesquels il a conclu un accord promotionnel. Dans ce cas, les tiers n&rsquo;auront jamais acc\u00e8s aux donn\u00e9es personnelles. <\/li><li>R\u00e9aliser des \u00e9tudes de march\u00e9 et des analyses statistiques. Traiter les commandes, demandes, r\u00e9pondre aux requ\u00eates ou tout type de demande faite par l&rsquo;UTILISATEUR via l&rsquo;un des formulaires de contact mis \u00e0 disposition sur le site Internet du RESPONSABLE. <\/li><li>Envoyez la newsletter en ligne, sur les nouveaut\u00e9s, offres et promotions de notre activit\u00e9. <\/li><\/ul>\n\n\n\n<p> <strong>Pour quelle raison pouvons-nous traiter vos donn\u00e9es personnelles? <\/strong><\/p>\n\n\n\n<p> Parce que le traitement est l\u00e9gitim\u00e9 par l&rsquo;article 6 du DPR comme suit: <\/p>\n\n\n\n<ul class=\"wp-block-list\"><li>Avec l&rsquo;accord de l&rsquo;UTILISATEUR: renvoi des communications commerciales et de la newsletter. <\/li><li>Pour l&rsquo;int\u00e9r\u00eat l\u00e9gitime du RESPONSABLE: r\u00e9aliser des \u00e9tudes de march\u00e9, des analyses statistiques, etc. et traiter les commandes, les demandes, etc. \u00e0 la demande de l&rsquo;UTILISATEUR.<\/li><\/ul>\n\n\n\n<p><strong> Pendant combien de temps conserverons-nous vos donn\u00e9es personnelles? <\/strong><\/p>\n\n\n\n<p>Ils ne seront pas conserv\u00e9s plus longtemps que n\u00e9cessaire pour maintenir la fin du traitement ou il existe des exigences l\u00e9gales qui dictent leur garde et lorsqu&rsquo;ils ne sont plus n\u00e9cessaires, ils seront supprim\u00e9s avec des mesures de s\u00e9curit\u00e9 ad\u00e9quates pour garantir l&rsquo;anonymisation des donn\u00e9es ou la destruction totale des les m\u00eames. <\/p>\n\n\n\n<p> <strong>\u00c0 qui fournissons-nous vos donn\u00e9es personnelles? <\/strong><\/p>\n\n\n\n<p>Aucune communication de donn\u00e9es personnelles \u00e0 des tiers n&rsquo;est pr\u00e9vue sauf, si n\u00e9cessaire pour le d\u00e9veloppement et l&rsquo;ex\u00e9cution des finalit\u00e9s du traitement, \u00e0 nos prestataires de services li\u00e9s aux communications, avec lesquels le RESPONSABLE a sign\u00e9 les contrats de confidentialit\u00e9 et en charge de traitement requis par les r\u00e8gles de confidentialit\u00e9 en vigueur.<\/p>\n\n\n\n<p class=\"has-text-align-left\"><strong>Quels sont tes droits?<\/strong><\/p>\n\n\n\n<ul class=\"wp-block-list\"><li>Les droits qui aident l&rsquo;UTILISATEUR sont: <\/li><li>Droit de retirer son consentement \u00e0 tout moment. <\/li><li>Droit d&rsquo;acc\u00e8s, de rectification et de suppression de vos donn\u00e9es, et de limitation ou d&rsquo;opposition \u00e0 leur traitement. <\/li><li>Droit de d\u00e9poser une r\u00e9clamation aupr\u00e8s de l&rsquo;autorit\u00e9 de contr\u00f4le (www.aepd.es) si elle consid\u00e8re que le traitement n&rsquo;est pas conforme \u00e0 la r\u00e9glementation en vigueur. <\/li><\/ul>\n\n\n\n<p> <strong>Coordonn\u00e9es pour exercer vos droits: <\/strong><\/p>\n\n\n\n<p> SAPTOOLS CONSULTING SL. JORDI GIRONA EDIFICIO NEXUS 2, 29 2\u00ba &#8211; 08034 BARCELONE (Barcelone). Courriel: nuria.pou@saptools.es <\/p>\n\n\n\n<h2 class=\"wp-block-heading\"> 2. NATURE OBLIGATOIRE OU FACULTATIVE DES INFORMATIONS FOURNIES PAR LE UTILISATEUR <\/h2>\n\n\n\n<p>LES UTILISATEURS, en cochant les cases correspondantes et en saisissant des donn\u00e9es dans les champs, marqu\u00e9s d&rsquo;un ast\u00e9risque (*) dans le formulaire de contact ou pr\u00e9sent\u00e9s dans les formulaires de t\u00e9l\u00e9chargement, acceptent express\u00e9ment et librement et sans \u00e9quivoque que leurs donn\u00e9es sont n\u00e9cessaires pour r\u00e9pondre \u00e0 votre demande, par le fournisseur, l&rsquo;inclusion de donn\u00e9es dans les champs restants \u00e9tant volontaire. L&rsquo;UTILISATEUR garantit que les donn\u00e9es personnelles fournies au RESPONSABLES sont v\u00e9ridiques et sont responsables de communiquer toute modification de ceux-ci. <\/p>\n\n\n\n<p>Le RESPONSABLE informe que toutes les donn\u00e9es demand\u00e9es via le site sont obligatoires, car elles sont n\u00e9cessaires \u00e0 la fourniture d&rsquo;un service optimal \u00e0 l&rsquo;UTILISATEUR. Dans le cas o\u00f9 toutes les donn\u00e9es ne sont pas fournies, il n&rsquo;y a aucune garantie que les informations et services fournis sont compl\u00e8tement adapt\u00e9s \u00e0 vos besoins.<\/p>\n\n\n\n<h2 class=\"wp-block-heading\"> 3. MESURES DE S\u00c9CURIT\u00c9 <\/h2>\n\n\n\n<p>Que conform\u00e9ment aux dispositions de la r\u00e9glementation en vigueur sur la protection des donn\u00e9es personnelles, le RESPONSABLE se conforme \u00e0 toutes les dispositions du r\u00e8glement GDPR et LOPDGDD pour le traitement des donn\u00e9es personnelles de sa responsabilit\u00e9, et manifestement aux principes d\u00e9crits \u00e0 l&rsquo;article 5 du RGPD, par lesquels ils sont trait\u00e9s de mani\u00e8re licite, loyale et transparente en relation avec l&rsquo;int\u00e9ress\u00e9 et ad\u00e9quates, pertinentes et limit\u00e9es \u00e0 ce qui est n\u00e9cessaire par rapport aux finalit\u00e9s pour lesquelles elles sont trait\u00e9es.<\/p>\n\n\n\n<p>Le CONTR\u00d4LEUR garantit qu&rsquo;il a mis en \u0153uvre les politiques techniques et organisationnelles appropri\u00e9es pour appliquer les mesures de s\u00e9curit\u00e9 \u00e9tablies par le RGPD et le LOPDGDD afin de prot\u00e9ger les droits et libert\u00e9s des UTILISATEURS et a communiqu\u00e9 les informations appropri\u00e9es afin qu&rsquo;ils puissent les exercer.\nPour plus d&rsquo;informations sur les garanties de confidentialit\u00e9, vous pouvez contacter le RESPONSABLE via SAPTOOLS\nCONSULTING SL. JORDI GIRONA EDIFICIO NEXUS 2, 29 2\u00ba &#8211; 08034 BARCELONE (Barcelone). Courriel: nuria.pou@saptools.es<\/p>\n\n\n\n<figure class=\"wp-block-image size-large\"><img loading=\"lazy\" decoding=\"async\" width=\"20\" height=\"20\" src=\"https:\/\/www.saptools.es\/wp-content\/uploads\/2020\/04\/image-1.png\" alt=\"\" class=\"wp-image-4334\"\/><\/figure>\n","protected":false},"excerpt":{"rendered":"<p>1. INFORMATIONS \u00c0 L&rsquo;UTILISATEUR Qui est responsable du traitement de vos donn\u00e9es personnelles? SAPTOOLS CONSULTING SL est le RESPONSABLE du traitement des donn\u00e9es personnelles de l&rsquo;UTILISATEUR et vous informe que ces donn\u00e9es seront trait\u00e9es conform\u00e9ment aux dispositions du R\u00e8glement (UE) 2016\/679 du 27 avril (RGPD), et de la Loi Organique 3\/2018, du 5 d\u00e9cembre (LOPDGDD). [&hellip;]<\/p>\n","protected":false},"author":1,"featured_media":0,"parent":0,"menu_order":0,"comment_status":"closed","ping_status":"closed","template":"","meta":{"footnotes":""},"class_list":["post-4316","page","type-page","status-publish","hentry"],"yoast_head":"<!-- This site is optimized with the Yoast SEO plugin v23.1 - https:\/\/yoast.com\/wordpress\/plugins\/seo\/ -->\n<title>Politique de confidentialit\u00e9 | SAPTOOLS<\/title>\n<meta name=\"robots\" content=\"noindex, follow\" \/>\n<meta property=\"og:locale\" content=\"fr_FR\" \/>\n<meta property=\"og:type\" content=\"article\" \/>\n<meta property=\"og:title\" content=\"Politique de confidentialit\u00e9 | SAPTOOLS\" \/>\n<meta property=\"og:description\" content=\"1. INFORMATIONS \u00c0 L&rsquo;UTILISATEUR Qui est responsable du traitement de vos donn\u00e9es personnelles? SAPTOOLS CONSULTING SL est le RESPONSABLE du traitement des donn\u00e9es personnelles de l&rsquo;UTILISATEUR et vous informe que ces donn\u00e9es seront trait\u00e9es conform\u00e9ment aux dispositions du R\u00e8glement (UE) 2016\/679 du 27 avril (RGPD), et de la Loi Organique 3\/2018, du 5 d\u00e9cembre (LOPDGDD). [&hellip;]\" \/>\n<meta property=\"og:url\" content=\"https:\/\/www.saptools.es\/politica-de-privacidad\/\" \/>\n<meta property=\"og:site_name\" content=\"SAPTOOLS\" \/>\n<meta property=\"article:modified_time\" content=\"2020-04-21T11:34:58+00:00\" \/>\n<meta property=\"og:image\" content=\"https:\/\/www.saptools.es\/wp-content\/uploads\/2020\/04\/image-1.png\" \/>\n<meta name=\"twitter:card\" content=\"summary_large_image\" \/>\n<meta name=\"twitter:site\" content=\"@SaptoolsES\" \/>\n<meta name=\"twitter:label1\" content=\"Est. reading time\" \/>\n\t<meta name=\"twitter:data1\" content=\"4 minutes\" \/>\n<script type=\"application\/ld+json\" class=\"yoast-schema-graph\">{\"@context\":\"https:\/\/schema.org\",\"@graph\":[{\"@type\":\"WebPage\",\"@id\":\"https:\/\/www.saptools.es\/politica-de-privacidad\/\",\"url\":\"https:\/\/www.saptools.es\/politica-de-privacidad\/\",\"name\":\"Politique de confidentialit\u00e9 | SAPTOOLS\",\"isPartOf\":{\"@id\":\"https:\/\/www.saptools.es\/#website\"},\"primaryImageOfPage\":{\"@id\":\"https:\/\/www.saptools.es\/politica-de-privacidad\/#primaryimage\"},\"image\":{\"@id\":\"https:\/\/www.saptools.es\/politica-de-privacidad\/#primaryimage\"},\"thumbnailUrl\":\"https:\/\/www.saptools.es\/wp-content\/uploads\/2020\/04\/image-1.png\",\"datePublished\":\"2020-04-20T23:16:21+00:00\",\"dateModified\":\"2020-04-21T11:34:58+00:00\",\"breadcrumb\":{\"@id\":\"https:\/\/www.saptools.es\/politica-de-privacidad\/#breadcrumb\"},\"inLanguage\":\"fr-FR\",\"potentialAction\":[{\"@type\":\"ReadAction\",\"target\":[\"https:\/\/www.saptools.es\/politica-de-privacidad\/\"]}]},{\"@type\":\"ImageObject\",\"inLanguage\":\"fr-FR\",\"@id\":\"https:\/\/www.saptools.es\/politica-de-privacidad\/#primaryimage\",\"url\":\"https:\/\/www.saptools.es\/wp-content\/uploads\/2020\/04\/image-1.png\",\"contentUrl\":\"https:\/\/www.saptools.es\/wp-content\/uploads\/2020\/04\/image-1.png\"},{\"@type\":\"BreadcrumbList\",\"@id\":\"https:\/\/www.saptools.es\/politica-de-privacidad\/#breadcrumb\",\"itemListElement\":[{\"@type\":\"ListItem\",\"position\":1,\"name\":\"Home\",\"item\":\"https:\/\/www.saptools.es\/fr\/\"},{\"@type\":\"ListItem\",\"position\":2,\"name\":\"Politique de confidentialit\u00e9\"}]},{\"@type\":\"WebSite\",\"@id\":\"https:\/\/www.saptools.es\/#website\",\"url\":\"https:\/\/www.saptools.es\/\",\"name\":\"SAPTOOLS\",\"description\":\"Consultor\u00eda SAP ERP, BW, SCM, IBP, APO, SD, PP, MM, Demand Planning, Mii. Barcelona, Madrid, Bilbao\",\"publisher\":{\"@id\":\"https:\/\/www.saptools.es\/#organization\"},\"potentialAction\":[{\"@type\":\"SearchAction\",\"target\":{\"@type\":\"EntryPoint\",\"urlTemplate\":\"https:\/\/www.saptools.es\/?s={search_term_string}\"},\"query-input\":\"required name=search_term_string\"}],\"inLanguage\":\"fr-FR\"},{\"@type\":\"Organization\",\"@id\":\"https:\/\/www.saptools.es\/#organization\",\"name\":\"SAPTOOLS CONSULTING\",\"url\":\"https:\/\/www.saptools.es\/\",\"logo\":{\"@type\":\"ImageObject\",\"inLanguage\":\"fr-FR\",\"@id\":\"https:\/\/www.saptools.es\/#\/schema\/logo\/image\/\",\"url\":\"https:\/\/www.saptools.es\/wp-content\/uploads\/2022\/02\/perfil-saptools.jpg\",\"contentUrl\":\"https:\/\/www.saptools.es\/wp-content\/uploads\/2022\/02\/perfil-saptools.jpg\",\"width\":1080,\"height\":1080,\"caption\":\"SAPTOOLS CONSULTING\"},\"image\":{\"@id\":\"https:\/\/www.saptools.es\/#\/schema\/logo\/image\/\"},\"sameAs\":[\"https:\/\/x.com\/SaptoolsES\",\"https:\/\/www.linkedin.com\/company\/saptools-consulting-s.l\/\",\"https:\/\/www.youtube.com\/channel\/UCbcU5_QjNajXK4Y32T9TvaA\"]}]}<\/script>\n<!-- \/ Yoast SEO plugin. -->","yoast_head_json":{"title":"Politique de confidentialit\u00e9 | SAPTOOLS","robots":{"index":"noindex","follow":"follow"},"og_locale":"fr_FR","og_type":"article","og_title":"Politique de confidentialit\u00e9 | SAPTOOLS","og_description":"1. INFORMATIONS \u00c0 L&rsquo;UTILISATEUR Qui est responsable du traitement de vos donn\u00e9es personnelles? SAPTOOLS CONSULTING SL est le RESPONSABLE du traitement des donn\u00e9es personnelles de l&rsquo;UTILISATEUR et vous informe que ces donn\u00e9es seront trait\u00e9es conform\u00e9ment aux dispositions du R\u00e8glement (UE) 2016\/679 du 27 avril (RGPD), et de la Loi Organique 3\/2018, du 5 d\u00e9cembre (LOPDGDD). [&hellip;]","og_url":"https:\/\/www.saptools.es\/politica-de-privacidad\/","og_site_name":"SAPTOOLS","article_modified_time":"2020-04-21T11:34:58+00:00","og_image":[{"url":"https:\/\/www.saptools.es\/wp-content\/uploads\/2020\/04\/image-1.png"}],"twitter_card":"summary_large_image","twitter_site":"@SaptoolsES","twitter_misc":{"Est. reading time":"4 minutes"},"schema":{"@context":"https:\/\/schema.org","@graph":[{"@type":"WebPage","@id":"https:\/\/www.saptools.es\/politica-de-privacidad\/","url":"https:\/\/www.saptools.es\/politica-de-privacidad\/","name":"Politique de confidentialit\u00e9 | SAPTOOLS","isPartOf":{"@id":"https:\/\/www.saptools.es\/#website"},"primaryImageOfPage":{"@id":"https:\/\/www.saptools.es\/politica-de-privacidad\/#primaryimage"},"image":{"@id":"https:\/\/www.saptools.es\/politica-de-privacidad\/#primaryimage"},"thumbnailUrl":"https:\/\/www.saptools.es\/wp-content\/uploads\/2020\/04\/image-1.png","datePublished":"2020-04-20T23:16:21+00:00","dateModified":"2020-04-21T11:34:58+00:00","breadcrumb":{"@id":"https:\/\/www.saptools.es\/politica-de-privacidad\/#breadcrumb"},"inLanguage":"fr-FR","potentialAction":[{"@type":"ReadAction","target":["https:\/\/www.saptools.es\/politica-de-privacidad\/"]}]},{"@type":"ImageObject","inLanguage":"fr-FR","@id":"https:\/\/www.saptools.es\/politica-de-privacidad\/#primaryimage","url":"https:\/\/www.saptools.es\/wp-content\/uploads\/2020\/04\/image-1.png","contentUrl":"https:\/\/www.saptools.es\/wp-content\/uploads\/2020\/04\/image-1.png"},{"@type":"BreadcrumbList","@id":"https:\/\/www.saptools.es\/politica-de-privacidad\/#breadcrumb","itemListElement":[{"@type":"ListItem","position":1,"name":"Home","item":"https:\/\/www.saptools.es\/fr\/"},{"@type":"ListItem","position":2,"name":"Politique de confidentialit\u00e9"}]},{"@type":"WebSite","@id":"https:\/\/www.saptools.es\/#website","url":"https:\/\/www.saptools.es\/","name":"SAPTOOLS","description":"Consultor\u00eda SAP ERP, BW, SCM, IBP, APO, SD, PP, MM, Demand Planning, Mii. Barcelona, Madrid, Bilbao","publisher":{"@id":"https:\/\/www.saptools.es\/#organization"},"potentialAction":[{"@type":"SearchAction","target":{"@type":"EntryPoint","urlTemplate":"https:\/\/www.saptools.es\/?s={search_term_string}"},"query-input":"required name=search_term_string"}],"inLanguage":"fr-FR"},{"@type":"Organization","@id":"https:\/\/www.saptools.es\/#organization","name":"SAPTOOLS CONSULTING","url":"https:\/\/www.saptools.es\/","logo":{"@type":"ImageObject","inLanguage":"fr-FR","@id":"https:\/\/www.saptools.es\/#\/schema\/logo\/image\/","url":"https:\/\/www.saptools.es\/wp-content\/uploads\/2022\/02\/perfil-saptools.jpg","contentUrl":"https:\/\/www.saptools.es\/wp-content\/uploads\/2022\/02\/perfil-saptools.jpg","width":1080,"height":1080,"caption":"SAPTOOLS CONSULTING"},"image":{"@id":"https:\/\/www.saptools.es\/#\/schema\/logo\/image\/"},"sameAs":["https:\/\/x.com\/SaptoolsES","https:\/\/www.linkedin.com\/company\/saptools-consulting-s.l\/","https:\/\/www.youtube.com\/channel\/UCbcU5_QjNajXK4Y32T9TvaA"]}]}},"_links":{"self":[{"href":"https:\/\/www.saptools.es\/fr\/wp-json\/wp\/v2\/pages\/4316"}],"collection":[{"href":"https:\/\/www.saptools.es\/fr\/wp-json\/wp\/v2\/pages"}],"about":[{"href":"https:\/\/www.saptools.es\/fr\/wp-json\/wp\/v2\/types\/page"}],"author":[{"embeddable":true,"href":"https:\/\/www.saptools.es\/fr\/wp-json\/wp\/v2\/users\/1"}],"replies":[{"embeddable":true,"href":"https:\/\/www.saptools.es\/fr\/wp-json\/wp\/v2\/comments?post=4316"}],"version-history":[{"count":2,"href":"https:\/\/www.saptools.es\/fr\/wp-json\/wp\/v2\/pages\/4316\/revisions"}],"predecessor-version":[{"id":4337,"href":"https:\/\/www.saptools.es\/fr\/wp-json\/wp\/v2\/pages\/4316\/revisions\/4337"}],"wp:attachment":[{"href":"https:\/\/www.saptools.es\/fr\/wp-json\/wp\/v2\/media?parent=4316"}],"curies":[{"name":"wp","href":"https:\/\/api.w.org\/{rel}","templated":true}]}}